{"id":418490,"date":"2026-04-17T10:41:06","date_gmt":"2026-04-17T08:41:06","guid":{"rendered":"https:\/\/riskcompass.info\/?page_id=418490"},"modified":"2026-04-17T14:48:12","modified_gmt":"2026-04-17T12:48:12","slug":"intelligence","status":"publish","type":"page","link":"https:\/\/riskcompass.info\/?page_id=418490","title":{"rendered":"INTELLIGENCE"},"content":{"rendered":"<div  data-label=\"Cta\" data-id=\"cta--1\" data-export-id=\"cta-4-materialis\" data-category=\"cta\" class=\"cta-4m content-section content-section-spacing-large\" id=\"cta-1\" style=\"background-color: rgb(255, 255, 255);\"><div  class=\"gridContainer\"> <div  class=\"row text-center\"><div  class=\"section-title-col\" data-type=\"column\"> <h2  class=\"\" style=\"text-align: left;\"><span  style=\"font-family: arial, helvetica, sans-serif; color: rgb(0, 0, 0); font-weight: 700;\">Strategic Executive Briefing<\/span><\/h2> <p  class=\"\" style=\"text-align: left;\"><span  style=\"font-family: arial, helvetica, sans-serif;\">Geopolitische und lokale Sicherheitslagen \u00e4ndern sich dynamisch, \u2026<\/span><\/p><img decoding=\"async\"  class=\"custom-image\" src=\"http:\/\/riskcompass.info\/wp-content\/uploads\/2026\/04\/thedigitalartist-fighter-jet-3286728_1920.jpg\"><p  class=\"\" style=\"text-align: left;\"><span  style=\"font-family: arial, helvetica, sans-serif;\">Das w\u00f6chentliche <span  style=\"font-weight: 600;\">\u201eStrategic Executive Briefing\u201c<\/span> (SEB) ist mehr als ein Informationsdienst. Es ist die Br\u00fccke vom Informationsrauschen zur operativen Entscheidungsgrundlage: Weniger journalistischer Mainstream, st\u00e4rker analytisch, beratend, foresight-orientiert. Nicht \u201eblo\u00dfe Nachrichten\u201c, sondern handlungsrelevante Lageintelligenz sind der Kernnutzen.\n<br ><br >\n<span  style=\"font-weight: 600;\">\u201eStrategic Executive Briefing\u201c<\/span> (SEB) ist mithin ein hochwertiges \u201eIntelligence-Dossier\u201c im PDF- und E-Mail-Format f\u00fcr Entscheider, Verm\u00f6gensinhaber, Sicherheitsverantwortliche und reiseintensive Organisationen.<\/span><\/p><p  class=\"\" style=\"text-align: left;\"><span  style=\"font-family: arial, helvetica, sans-serif;\">SEB verkn\u00fcpft\n<br ><br >\n\u2013 Expertenkompetenz (Interviews)<br >\n\u2013 Geopolitische Fr\u00fchwarnung<br >\n\u2013 Horizon Scanning (Weak Signal Detection)<br >\n\u2013 Safe Haven-Monitoring<br >\n\u2013 Sicherheitslagebilder<br >\n\u2013 Standort- und Resilienzbewertungen<br >\n\u2013 Travel Risk Intelligence\n<br ><br >\nzu einem entscheidungsrelevanten Informationsprodukt. Es bietet tiefgehende Analysen zu Sicherheit, Geopolitik und Fr\u00fcherkennung (\u201eEarly Warning\u201c), die \u00fcber die allt\u00e4gliche Berichterstattung hinausgehen. Durch die systematische Auswertung von \u201eWeak Signals\u201c und die Identifikation r\u00e4umlicher sowie deliktspezifischer Cluster liefert SEB entscheidungsrelevante Erkenntnisse f\u00fcr den Schutz von Personen, Verm\u00f6genswerten und Unternehmensinteressen.<\/span><\/p><\/div> <\/div> <div  class=\"content-center-sm\" data-type=\"column\"> <a  class=\"button mdc-ripple-upgraded small no-shadow color1 dark-text square outline\" href=\"https:\/\/www.geschaeftsreisekontakt.de\/newsletter\" target=\"_self\" data-cp-link=\"1\" data-icon=\"\">Abonnieren<\/a><\/div> <\/div><\/div>","protected":false},"excerpt":{"rendered":"","protected":false},"author":1,"featured_media":0,"parent":0,"menu_order":0,"comment_status":"closed","ping_status":"closed","template":"pro\/page-templates\/full-width-page.php","meta":{"footnotes":""},"class_list":["post-418490","page","type-page","status-publish","hentry"],"_links":{"self":[{"href":"https:\/\/riskcompass.info\/index.php?rest_route=\/wp\/v2\/pages\/418490","targetHints":{"allow":["GET"]}}],"collection":[{"href":"https:\/\/riskcompass.info\/index.php?rest_route=\/wp\/v2\/pages"}],"about":[{"href":"https:\/\/riskcompass.info\/index.php?rest_route=\/wp\/v2\/types\/page"}],"author":[{"embeddable":true,"href":"https:\/\/riskcompass.info\/index.php?rest_route=\/wp\/v2\/users\/1"}],"replies":[{"embeddable":true,"href":"https:\/\/riskcompass.info\/index.php?rest_route=%2Fwp%2Fv2%2Fcomments&post=418490"}],"version-history":[{"count":6,"href":"https:\/\/riskcompass.info\/index.php?rest_route=\/wp\/v2\/pages\/418490\/revisions"}],"predecessor-version":[{"id":418539,"href":"https:\/\/riskcompass.info\/index.php?rest_route=\/wp\/v2\/pages\/418490\/revisions\/418539"}],"wp:attachment":[{"href":"https:\/\/riskcompass.info\/index.php?rest_route=%2Fwp%2Fv2%2Fmedia&parent=418490"}],"curies":[{"name":"wp","href":"https:\/\/api.w.org\/{rel}","templated":true}]}}