{"id":418488,"date":"2026-04-17T10:40:42","date_gmt":"2026-04-17T08:40:42","guid":{"rendered":"https:\/\/riskcompass.info\/?page_id=418488"},"modified":"2026-04-17T13:42:30","modified_gmt":"2026-04-17T11:42:30","slug":"analytics","status":"publish","type":"page","link":"https:\/\/riskcompass.info\/?page_id=418488","title":{"rendered":"ANALYTICS"},"content":{"rendered":"<div  data-label=\"Cta\" data-id=\"cta--1\" data-export-id=\"cta-4-materialis\" data-category=\"cta\" class=\"cta-4m content-section content-section-spacing-large\" id=\"cta-1\" style=\"background-color: #ffffff;\" data-section-ov=\"1\">\n<div  class=\"gridContainer\">\n<div  class=\"row text-center\">\n<div  class=\"section-title-col\" data-type=\"column\">\n<h2  class=\"\" style=\"text-align: left;\"><span  style=\"font-family: arial, helvetica, sans-serif; font-weight: bold; color: #000000;\">Ist Ihr Lebensmittelpunkt sicher?<\/span><\/h2>\n<p  class=\"\" style=\"text-align: left;\"><span  style=\"font-family: arial, helvetica, sans-serif; font-style: italic;\">Politische Instabilit\u00e4t (Ukraine- und Iran-Krieg, \u00fcber 80 Konflikte mit Kriegs- oder kriegs\u00e4hnlicher Intensit\u00e4t weltweit, NATO-Debatte, Zeitenwende-Diskurs), gesellschaftliche Polarisierung und Destabilisierung, Klima- und Wetterextreme, Blackout-Diskussionen und die Empfehlungen des BBK (Bundesamt f\u00fcr Bev\u00f6lkerungsschutz und Katastrophenhilfe) haben das Thema Krisenvorsorge und physische Resilienz aus der Nische in die breite b\u00fcrgerliche Mitte verschoben.<\/span><\/p>\n<img decoding=\"async\"  class=\"custom-image\" src=\"http:\/\/riskcompass.info\/wp-content\/uploads\/2026\/04\/Villa-1.jpg\"><p  class=\"\" style=\"text-align: left;\"><span  style=\"font-family: arial, helvetica, sans-serif;\">RiskCompass bietet individuell konfektionierte Premium-Beratungsdienstleistungen f\u00fcr individuelle Sicherheits-, Krisen- und Standort-Resilienzanalysen von Wohn- und Ausweichstandorten sowie Liegenschaften jeder Art \u2013 im In- und Ausland. Gegenstand der Analysen des <span  style=\"font-weight: 600;\">\u201ePremium Resilience &amp; Location Intelligence Service\u201c<\/span> ist die sicherheitsrelevante Bewertung unter Ber\u00fccksichtigung kriminalstatistischer, soziodemografischer und -\u00f6konomischer, infrastruktureller sowie krisen- und konfliktbezogener Faktoren. Ziel ist die Einsch\u00e4tzung von Gef\u00e4hrdungs-, Bedrohungs- und Risikopotenzialen im Normalbetrieb sowie in au\u00dfergew\u00f6hnlichen Krisen- und Katastrophenlagen. Die Analyse erfolgt in den vier strikt getrennten Ebenen:<\/span><\/p>\n<p  class=\"\" style=\"text-align: left;\"><span  style=\"font-family: arial, helvetica, sans-serif;\"><span  style=\"font-weight: 600;\">Ebene A:<\/span> Gegenwartslage \u2013 Normalbetrieb<\/span><br ><span  style=\"font-family: arial, helvetica, sans-serif;\"><span  style=\"font-weight: 600;\"> Ebene B:<\/span> Krisenlage \u2013 Mangellage \u2013 Blackout<\/span><br ><span  style=\"font-family: arial, helvetica, sans-serif;\"><span  style=\"font-weight: 600;\"> Ebene C:<\/span> Unruhen \u2013 Kontrollverlust<\/span><br ><span  style=\"font-family: arial, helvetica, sans-serif;\"><span  style=\"font-weight: 600;\"> Ebene D:<\/span> Bewaffneter Konflikt \u2013 Kriegsszenario.<\/span><\/p>\n<p  class=\"\" style=\"text-align: left;\"><span  style=\"font-family: arial, helvetica, sans-serif;\">Die Bewertung basiert auf OSINT-Recherchen, Weak Signal Detection, verf\u00fcgbaren amtlichen Statistiken, historischen Vergleichsdaten sowie qualitativen Szenarioanalysen. Dar\u00fcber hinaus werden Trendfortschreibungen und Prognosen (modellbasierte Wahrscheinlichkeitsannahmen, keine Vorhersagen im deterministischen Sinne) erstellt.<\/span><\/p>\n<p  class=\"\" style=\"text-align: left;\"><span  style=\"font-family: arial, helvetica, sans-serif;\"><span  style=\"font-weight: 600;\">Die \u201eMinimum-Analyse\u201c beinhaltet folgende Bereiche<\/span> <br ><br >1. Geografische und r\u00e4umliche Einordnung, Bebauung<br >2. Gefahren- und Risikoanalyse der Mobilit\u00e4tsinfrastruktur<br >3. Kritische Infrastruktur (KRITIS) und potenzielle Sabotageziele<br >4. Resilienz-Struktur (Versorgung und Ressourcen)<br >5. Extremwetter und Naturgefahren<br >6. Kriminalit\u00e4ts- und soziale Sicherheitslage<br >7. Potenzielle Problemgebiete und soziale Brennpunkte<br >8. Milit\u00e4rische und sicherheitsrelevante Einrichtungen<\/span><\/p>\n<\/div>\n<\/div>\n<\/div>\n<\/div>","protected":false},"excerpt":{"rendered":"","protected":false},"author":1,"featured_media":0,"parent":0,"menu_order":0,"comment_status":"closed","ping_status":"closed","template":"pro\/page-templates\/full-width-page.php","meta":{"footnotes":""},"class_list":["post-418488","page","type-page","status-publish","hentry"],"_links":{"self":[{"href":"https:\/\/riskcompass.info\/index.php?rest_route=\/wp\/v2\/pages\/418488","targetHints":{"allow":["GET"]}}],"collection":[{"href":"https:\/\/riskcompass.info\/index.php?rest_route=\/wp\/v2\/pages"}],"about":[{"href":"https:\/\/riskcompass.info\/index.php?rest_route=\/wp\/v2\/types\/page"}],"author":[{"embeddable":true,"href":"https:\/\/riskcompass.info\/index.php?rest_route=\/wp\/v2\/users\/1"}],"replies":[{"embeddable":true,"href":"https:\/\/riskcompass.info\/index.php?rest_route=%2Fwp%2Fv2%2Fcomments&post=418488"}],"version-history":[{"count":14,"href":"https:\/\/riskcompass.info\/index.php?rest_route=\/wp\/v2\/pages\/418488\/revisions"}],"predecessor-version":[{"id":418530,"href":"https:\/\/riskcompass.info\/index.php?rest_route=\/wp\/v2\/pages\/418488\/revisions\/418530"}],"wp:attachment":[{"href":"https:\/\/riskcompass.info\/index.php?rest_route=%2Fwp%2Fv2%2Fmedia&parent=418488"}],"curies":[{"name":"wp","href":"https:\/\/api.w.org\/{rel}","templated":true}]}}