{"id":305,"date":"2022-11-28T10:28:48","date_gmt":"2022-11-28T09:28:48","guid":{"rendered":"https:\/\/riskcompass.info\/?page_id=305"},"modified":"2026-04-17T10:34:20","modified_gmt":"2026-04-17T08:34:20","slug":"ueber","status":"publish","type":"page","link":"https:\/\/riskcompass.info\/?page_id=305","title":{"rendered":"ABOUT"},"content":{"rendered":"<div  data-label=\"About\" data-id=\"about--1\" data-export-id=\"about-2-materialis\" data-category=\"about\" class=\"about-2-materialis content-section content-section-spacing\" id=\"about-1\" data-section-ov=\"1\" style=\"background-image: none; background-color: rgb(255, 255, 255);\">\n<div  class=\"gridContainer\">\n<div  class=\"row\">\n<div  class=\"col-xs-12 col-sm-6 left-container flexbox-strech center-xs middle-xs no-gutter-col pos-relative\">\n<div  class=\"mdc-elevation--z10 middle-xs center-xs left-img\"><\/div>\n<div  class=\"col-xs-12 div-content white-text\" data-type=\"column\"><\/div>\n<\/div>\n<div  class=\"col-xs-12 col-sm-6 space-bottom-xs col-padding-small-xs col-sm-padding-large content-col\" data-type=\"column\">\n<h3  class=\"\"><span  style=\"color: #000000; font-weight: 600; font-family: arial, helvetica, sans-serif;\">Intelligence-as-a-Service<\/span><\/h3>\n<p  class=\"\"><span  style=\"font-family: arial, helvetica, sans-serif;\">RiskCompass ist ein Daten- und Informationsanbieter mit dem Fokus auf Themen und Ereignisse, die geeignet sind, m\u00f6gliche, aber auch direkte, negative Auswirkungen auf Eigentum, Gesundheit und\/oder Leben der jeweils lokal betroffenen Menschen zu haben. <\/span><br ><br ><span  style=\"font-family: arial, helvetica, sans-serif;\">Angesprochen wird ein vielf\u00e4ltiger Kreis von Privat- und Gesch\u00e4ftsleuten. Darunter sind Kurz- und Langzeiturlauber, Individual- oder Gesch\u00e4ftsreisende, Perpetual Traveler, Digitale Nomaden, Expatriates (Expats), Auswanderer \u2013 aber auch f\u00fcr Standortentscheidungen (z.B. Immobilien-Investitionen) verantwortliche Personen.<\/span><\/p>\n<p  class=\"\"><span  style=\"color: #000000; font-family: arial, helvetica, sans-serif;\">Denn Sicherheitslagen k\u00f6nnen sich rasch ver\u00e4ndern. Epidemien, Naturkatastrophen, Blackouts, Streiks, soziale Unruhen, Terroranschl\u00e4ge,&nbsp; aber auch manche System- oder Regimewechsel&nbsp;kommen oft ohne Vorank\u00fcndigung. Risiken erkennen, bevor daraus Bedrohungen entstehen und Gefahren orten, um sie zu meiden \u2013 das ist unsere Aufgabe.<\/span><\/p>\n<h4  class=\"\"><span  style=\"color: #000000; font-family: arial, helvetica, sans-serif;\">RiskCompass macht Sicherheit planbar<\/span><\/h4>\n<p  class=\"\"><span  style=\"color: #000000; font-family: arial, helvetica, sans-serif;\">Bei Urlauben, Gesch\u00e4ftsreisen, Wohnortwechseln oder Standortentscheidungen wollen Sie kein Risiko eingehen. RiskCompass nutzt OSINT-Daten\u00b9 sowie moderne Technologien und Analyseverfahren, um m\u00f6gliche Risiken fr\u00fchzeitig zu erkennen und seine Kunden rechtzeitig zu warnen. Sicherheit wird dadurch planbar, egal wo Sie sich aufhalten oder wohin Sie unterwegs sind.<\/span><\/p>\n<p  class=\"\"><span  style=\"color: #000000; font-family: arial, helvetica, sans-serif;\"><sub >\u00b9OSINT, d.h. \u00bbOpen Source Intelligence\u00ab. Es werden frei verf\u00fcgbare, offene Quellen genutzt, um durch Analyse der unterschiedlichen Daten und Informationen verwertbare Erkenntnisse zu gewinnen. \u00b2Unternehmenskunden steht eine Corporate Website oder die Daten\u00fcbertragung per API zur Verf\u00fcgung.<\/sub><\/span><\/p>\n<\/div>\n<\/div>\n<\/div>\n<\/div><!-- CloudPress Companion Preview Data START -->","protected":false},"excerpt":{"rendered":"","protected":false},"author":1,"featured_media":0,"parent":0,"menu_order":0,"comment_status":"closed","ping_status":"closed","template":"pro\/page-templates\/full-width-page.php","meta":{"footnotes":""},"class_list":["post-305","page","type-page","status-publish","hentry"],"_links":{"self":[{"href":"https:\/\/riskcompass.info\/index.php?rest_route=\/wp\/v2\/pages\/305","targetHints":{"allow":["GET"]}}],"collection":[{"href":"https:\/\/riskcompass.info\/index.php?rest_route=\/wp\/v2\/pages"}],"about":[{"href":"https:\/\/riskcompass.info\/index.php?rest_route=\/wp\/v2\/types\/page"}],"author":[{"embeddable":true,"href":"https:\/\/riskcompass.info\/index.php?rest_route=\/wp\/v2\/users\/1"}],"replies":[{"embeddable":true,"href":"https:\/\/riskcompass.info\/index.php?rest_route=%2Fwp%2Fv2%2Fcomments&post=305"}],"version-history":[{"count":27,"href":"https:\/\/riskcompass.info\/index.php?rest_route=\/wp\/v2\/pages\/305\/revisions"}],"predecessor-version":[{"id":418486,"href":"https:\/\/riskcompass.info\/index.php?rest_route=\/wp\/v2\/pages\/305\/revisions\/418486"}],"wp:attachment":[{"href":"https:\/\/riskcompass.info\/index.php?rest_route=%2Fwp%2Fv2%2Fmedia&parent=305"}],"curies":[{"name":"wp","href":"https:\/\/api.w.org\/{rel}","templated":true}]}}