{"id":1437,"date":"2022-12-14T17:09:30","date_gmt":"2022-12-14T16:09:30","guid":{"rendered":"https:\/\/riskcompass.info\/?page_id=1437"},"modified":"2022-12-14T19:39:45","modified_gmt":"2022-12-14T18:39:45","slug":"agb","status":"publish","type":"page","link":"https:\/\/riskcompass.info\/?page_id=1437","title":{"rendered":"AGB"},"content":{"rendered":"<div  data-label=\"Content\" data-id=\"content--1\" data-export-id=\"content-6-materialis\" data-category=\"content\" class=\"content-6m content-section-spacing-large content-section\" id=\"content-1\" style=\"background-color: rgb(255, 255, 255);\"><div  class=\"gridContainer\"> <div  class=\"row\"><div  class=\"section-title-col large\" data-type=\"column\"> <h2  class=\"space-bottom\"><span  style=\"font-family: arial, helvetica, sans-serif; font-weight: 700; color: rgb(0, 0, 0);\">Allgemeine Gesch\u00e4ftsbedingungen<\/span><\/h2> <p  class=\"lead\" style=\"text-align: left;\"><span style=\"font-family: arial, helvetica, sans-serif; color: rgb(0, 0, 0);\" ><span style=\"font-weight: 500;\" >der \u00bbRiskCompass GmbH\u00ab (Obere Bachstra\u00dfe 55, 70794 Filderstadt)<\/span>\n<br ><br >\nzur Nutzung der durch die \u00bbRiskCompass GmbH\u00ab auf der RiskCompass-Website unter den Domains\n<br ><br >\nriskcompass.info<br >\nriskcompass.eu<br >\nweltweit-sicher.reisen\n<br ><br >\nver\u00f6ffentlichten oder per RiskCompass-App bzw. per API\u00b9 zur Verf\u00fcgung gestellten Datenbanken, Landkarten, Inhalte, Texte und sonstigen Informationen sowie Daten (insbesondere L\u00e4nderinformationen und St\u00e4dtereports).\n<br ><br >\nDie \u00bbRiskCompass GmbH\u00ab beh\u00e4lt sich s\u00e4mtliche Rechte vor, die im Rahmen dieser AGB oder im Rahmen eines mit dem Nutzer (Kunden) geschlossenen separaten Vertrages nicht ausdr\u00fccklich einger\u00e4umt werden.\n<br ><br >\nEin Vertrag mit der \u00bbRiskCompass GmbH\u00ab kommt zustande, indem der Auftrag des Nutzers (Kunden) ausdr\u00fccklich durch die \u00bbRiskCompass GmbH\u00ab angenommen wird. Die \u00bbRiskCompass GmbH\u00ab beh\u00e4lt sich vor, Auftr\u00e4ge auch ohne Begr\u00fcndung abzulehnen. Durch den blo\u00dfen Auftrag des Nutzers (Kunden) kommt noch kein Vertrag zustande.\n<br ><br >\nDie \u00bbRiskCompass GmbH\u00ab ist berechtigt, die Ausf\u00fchrung der Dienstleistung ganz oder teilweise auf Dritte zu \u00fcbertragen.\n<br ><br >\nDie \u00bbRiskCompass GmbH\u00ab beh\u00e4lt sich ausdr\u00fccklich vor, diese AGB jederzeit und ohne vorherige Benachrichtigung zu \u00e4ndern und\/oder zu erg\u00e4nzen.\n<br ><br >\nDer Nutzer (Kunde) erkl\u00e4rt sich ausdr\u00fccklich mit diesen AGB einverstanden.\n<br ><br >\n<span style=\"font-weight: 900;\" >1. Gegenstand dieser AGB<\/span>\n<br ><br >\nGegenstand dieser AGB sind die von der \u00bbRiskCompass GmbH\u00ab angebotenen Beratungsdienstleistungen sowie Datenbanken, Landkarten, Inhalte, Texte und sonstigen Informationen sowie Daten, einschlie\u00dflich Updates, Aktualisierungen, Erg\u00e4nzungen, Nachtr\u00e4gen, Korrekturen, Verbesserungen, neue Features usw.\n<br ><br >\n<span style=\"font-weight: 900;\" >2. Verg\u00fctung und Zahlungsbedingungen<\/span>\n<br ><br >\nF\u00fcr die Bereitstellung der unter 1. genannten Leistungen werden ein Preis und Zahlungskonditionen vereinbart. Das N\u00e4here regelt ein Vertrag zwischen der \u00bbRiskCompass GmbH\u00ab und dem Nutzer (Kunden).\n<br ><br >\n<span style=\"font-weight: 900;\" >3. Vertragslaufzeit und K\u00fcndigung<\/span>\n<br ><br >\n3.1. Es gilt grunds\u00e4tzlich: Der jeweilige Vertrag beginnt mit dem Tag der Rechnungstellung. Die Laufzeit ergibt sich aus dem jeweiligen Vertrag zwischen der \u00bbRiskCompass GmbH\u00ab und dem Nutzer (Kunden).\n<br ><br >\n3.2. Jahreslizenzen: Ist nichts anderes vereinbart, betr\u00e4gt die Vertragslaufzeit bei Jahreslizenzen 12 Monate; sie beginnt mit dem Tag der Rechnungstellung und wird automatisch verl\u00e4ngert.\n<br ><br >\n3.3. Aus wichtigem Grund kann ein Jahreslizenzvertrag jedoch von jeder Partei ohne Einhaltung einer Frist schriftlich gek\u00fcndigt werden.\n<br ><br >\n3.4. Die Parteien vereinbaren insoweit, dass eine E-Mail der Schriftformerfordernis gen\u00fcgt.\n<br ><br >\n<span style=\"font-weight: 900;\" >4. Nutzungsbeschr\u00e4nkung<\/span>\n<br ><br >\n4.1. Soweit nicht durch einen mit der \u00bbRiskCompass GmbH\u00ab separat geschlossenen Vertrag anderweitig geregelt, ist es dem Nutzer (Kunden) nicht gestattet, die Datenbanken, Landkarten, Inhalte, Texte, sonstigen Informationen und Daten sowie eventuell erlangte Software und Produkte der \u00bbRiskCompass GmbH\u00ab, die der Nutzer (Kunde) unter Zugriff auf die o.g. Websites, die RiskCompass-App oder per API\u00b9 erhalten hat, zu \u00e4ndern, zu kopieren, zu verteilen, zu \u00fcbertragen, zu vervielf\u00e4ltigen, zu ver\u00f6ffentlichen, zu verkaufen, sich lizenzieren zu lassen oder Dritten au\u00dferhalb des Unternehmens zur Verf\u00fcgung zu stellen.\n<br ><br >\n4.2. Die dem Nutzer (Kunden) zur Verf\u00fcgung gestellten L\u00e4nderinformationen und St\u00e4dtereports, in welchen zum einen allgemeine Informationen zu L\u00e4ndern\u00b2 und von f\u00fcr Reisende wichtigen St\u00e4dten\u00b2 spezielle, i.d.R. aktuelle sicherheitsrelevante Informationen und Daten enthalten sind, so dass sich der Nutzer (Kunde) im Hinblick auf eine geplante Reise entsprechend informieren und gegebenenfalls vorbereiten kann, sind das urheberrechtlich gesch\u00fctzte Werk der \u00bbRiskCompass GmbH\u00ab, ihrer Kooperationspartner und\/oder ihrer Autoren\/Redakteure.\n<br ><br >\n4.3. Der geschlossene Bereich der von der \u00bbRiskCompass GmbH\u00ab auf der unter o.g. Domains betriebenen Website ist dem Nutzer (Kunden) nur auf Grund eines mit der \u00bbRiskCompass Verwaltungs-UG (haftungsbeschr\u00e4nkt)\u00ab geschlossenen separaten Vertrages zug\u00e4nglich und bedarf eines Nutzer-Accounts.\n<br ><br >\n4.4. Der Zugang zu den geschlossenen Bereichen der RiskCompass-Website ist dem Nutzer (Kunden) nur auf Grund eines mit der \u00bbRiskCompass GmbH\u00ab separat geschlossenen Vertrages gestattet. Das gilt auch f\u00fcr alle per API\u00b9 erlangten Datenbanken, Landkarten, Inhalte, Texte und sonstigen Informationen sowie Daten.\n<br ><br >\n<sub >\u00b9 API = Application Programming Interface (dt.: Programmierschnittstelle; ein Programmteil, der von einem Softwaresystem anderen Programmen zur Anbindung an das System zur Verf\u00fcgung gestellt wird); \u00b2 200 L\u00e4nder, mehrere Hundert St\u00e4dte.<\/sub>\n<br ><br >\n<span style=\"font-weight: 900;\" >5. Haftungsausschluss<\/span>\n<br ><br >\n5.1. Die \u00bbRiskCompass GmbH\u00ab wird f\u00fcr die Aktualit\u00e4t und Pflege der Datenbanken, Landkarten, Inhalte, Texte und sonstigen Informationen sowie Daten (insbesondere der L\u00e4nder- und St\u00e4dte-Sicherheitsdatenbanken) die erforderliche Sorgfalt aufwenden. Die \u00bbRiskCompass GmbH\u00ab \u00fcbernimmt keine Haftung f\u00fcr die Zuverl\u00e4ssigkeit der ausgewerteten Quellen sowie f\u00fcr die Aktualit\u00e4t, inhaltliche Richtigkeit, Vollst\u00e4ndigkeit, Relevanz, Brauchbarkeit oder sonstige Verl\u00e4sslichkeit der zur Verf\u00fcgung gestellten Informationen.\n<br ><br >\n5.2. Die \u00bbRiskCompass GmbH\u00ab ist von der Verpflichtung zur Leistung aus diesem Vertrag befreit, wenn und soweit die Nichterf\u00fcllung von Leistungen auf das Eintreten von Umst\u00e4nden h\u00f6herer Gewalt nach Vertragsschluss zur\u00fcckzuf\u00fchren sind. Als Umst\u00e4nde h\u00f6herer Gewalt gelten insbesondere Kriege, Streiks, Unruhen, Enteignungen, Strom- und Netzausfall, Sturm, \u00dcberschwemmungen und sonstige Naturkatastrophen.\n<br ><br >\n5.3. Die \u00bbRiskCompass GmbH\u00ab bedient sich zur Verbreitung der Daten und Information der Leistungen und Distributionskan\u00e4le Dritter, deren Auswahl mit h\u00f6chstm\u00f6glicher Sorgfalt erfolgt, auf deren st\u00e4ndige Verf\u00fcgbarkeit die \u00bbRiskCompass GmbH\u00ab aber keinen Einfluss hat. \u00bbRiskCompass\u00ab \u00fcbernimmt deshalb keine Gew\u00e4hr f\u00fcr die verz\u00f6gerungsfreie \u00dcbermittlung der vertragsgegenst\u00e4ndlichen Datenbanken, Landkarten, Inhalte, Texte und sonstigen Informationen sowie Daten in den von Dritten unterhaltenen Distributionsleitungen.\n<br ><br >\n5.4. Die \u00bbRiskCompass GmbH\u00ab haftet nicht f\u00fcr eine zeitweilige oder dauerhafte Unterbrechung der Daten\u00fcbertragung an station\u00e4re oder mobile Endger\u00e4te der Nutzer (Kunden), soweit diese nicht auf einem von der \u00bbRiskCompass GmbH\u00ab zu vertretenden Umstand beruht. Ebenso \u00fcbernimmt die \u00bbRiskCompass GmbH\u00ab keine Gew\u00e4hr f\u00fcr die st\u00e4ndige Verf\u00fcgbarkeit der Dienste, sofern hierf\u00fcr die Inanspruchnahme eines dritten Serviceproviders oder Mobilfunknetzbetreibers erforderlich ist.\n<br ><br >\n5.5. Die \u00bbRiskCompass GmbH\u00ab verpflichtet sich jedoch zu einer Entst\u00f6rung von im Verantwortungs- und Zugriffsbereich der \u00bbRiskCompass GmbH\u00ab liegenden Einschr\u00e4nkungen des Betriebs und der Funktionalit\u00e4ten der vertragsgegenst\u00e4ndlichen Leistungen innerhalb einer vertretbaren Zeit.\n<br ><br >\n<span style=\"font-weight: 900;\" >6. Geschlossener Bereich (Nutzer-Account und Zugangsdaten)<\/span>\n<br ><br >\n6.1. Der Nutzer (Kunde) ist nicht berechtigt, seine Zugangsdaten sowie sein Passwort einem Unbefugten bekannt zu geben und diesem somit die Zugangsm\u00f6glichkeit zum geschlossenen Bereich auf der unter o.g. Domains betriebenen Website der \u00bbRiskCompass GmbH\u00ab zu er\u00f6ffnen.\n<br ><br >\n6.2. Der Nutzer (Kunde) erkl\u00e4rt sich bereit, die \u00bbRiskCompass GmbH\u00ab unverz\u00fcglich \u00fcber jeden nicht autorisierten, durch Hacking, Password-Mining oder durch andere Mittel oder auf anderem Wege erreichten Zugang zu jeglichen von der \u00bbRiskCompass GmbH\u00ab angebotenen Diensten zu informieren.\n<br ><br >\n6.3. Die \u00bbRiskCompass GmbH\u00ab, ihre Kooperationspartner oder Autoren\/Redakteure haften nicht f\u00fcr Sch\u00e4den, die dem Nutzer (Kunden) daraus entstehen, dass Dritte das Passwort des Nutzers (Kunden) oder dessen Account mit oder ohne Kenntnis des Nutzers (Kunden) nutzen.\n<br ><br >\n<span style=\"font-weight: 900;\" >7. Datenschutz<\/span>\n<br ><br >\nEs gilt vollumf\u00e4nglich die RiskCompass-Datenschutzerkl\u00e4rung (https:\/\/riskcompass.info\/datenschutzerklaerung\/) wie auf dieser Website ver\u00f6ffentlicht.<br >\n\n<br ><span style=\"font-weight: 900;\" >8. Pflichten des Nutzers (Kunden)<\/span>\n<br ><br >\n8.1. Dem Nutzer (Kunden) ist der Besuch der von der \u00bbRiskCompass GmbH\u00ab unter o.g. Domains betriebenen Website, die Inanspruchnahme und der Abruf der angebotenen Datenbanken, Landkarten, Inhalte, Texte und sonstigen Informationen sowie Daten nur unter der Bedingung gestattet, dass der Nutzer (Kunde) die Dienste nicht f\u00fcr Zwecke verwendet, die rechtswidrig sind oder gegen diese AGB versto\u00dfen.\n<br ><br >\n8.2. Die von der \u00bbRiskCompass GmbH\u00ab unter o.g. Domains betriebenen Websiten bzw. die zur Verf\u00fcgung gestellte API\u00b9 darf nicht in einer Weise genutzt werden, durch welche der Server der \u00bbRiskCompass GmbH\u00ab oder ein mit dem Server der \u00bbRiskCompass GmbH\u00ab verbundenes Netzwerk gesch\u00e4digt, deaktiviert, \u00fcberlastet oder sonst beeintr\u00e4chtigt werden k\u00f6nnte, oder die die Nutzung der von der \u00bbRiskCompass GmbH\u00ab angebotenen Dienste durch Dritte beeintr\u00e4chtigen k\u00f6nnte.\n<br ><br >\n8.3. Es ist dem Nutzer (Kunden) nicht gestattet, sich durch das Knacken von Codes, durch Keylogger oder durch sonstige illegale Beschaffung von Passw\u00f6rtern und Zugangsdaten oder auf sonstige Weise unerlaubt Zugang zu den Datenbanken, Landkarten, Inhalten, Texten und sonstigen Informationen sowie Daten der \u00bbRiskCompass GmbH\u00ab zu verschaffen.<br >\nDisclaimer\u2074\n<br ><br >\nInhalt und Werke dieser Website sind urheberrechtlich gesch\u00fctzt. Trotz h\u00f6chster Sorgfalt kann nicht f\u00fcr die Richtigkeit der wiedergegebenen Informationen oder die permanente technische Erreichbarkeit garantiert werden. Es wird keine Haftung f\u00fcr den Inhalt von extern verlinkten Websites \u00fcbernommen. Auf deren Inhalte haben wir keinen Einfluss und distanzieren uns ausdr\u00fccklich. Sollten Sie dennoch etwas an unseren Seiten zu beanstanden haben, bitten wir um einen einfachen entsprechenden Hinweis, damit wir die Inhalte schnellstm\u00f6glich entfernen k\u00f6nnen.<\/span><\/p><\/div> <\/div> <div  class=\"row\"> <div  class=\"col-xs-12 col-sm-8 col-sm-offset-2 space-bottom text-center\" data-type=\"column\"> <\/div> <div  class=\"col-xs-12 space-top text-center\" data-type=\"column\"><\/div> <\/div><\/div> <\/div>","protected":false},"excerpt":{"rendered":"","protected":false},"author":1,"featured_media":0,"parent":0,"menu_order":0,"comment_status":"closed","ping_status":"closed","template":"pro\/page-templates\/full-width-page.php","meta":{"footnotes":""},"class_list":["post-1437","page","type-page","status-publish","hentry"],"distributor_meta":false,"distributor_terms":false,"distributor_media":false,"distributor_original_site_name":"RiskCompass","distributor_original_site_url":"https:\/\/riskcompass.info","push-errors":false,"_links":{"self":[{"href":"https:\/\/riskcompass.info\/index.php?rest_route=\/wp\/v2\/pages\/1437","targetHints":{"allow":["GET"]}}],"collection":[{"href":"https:\/\/riskcompass.info\/index.php?rest_route=\/wp\/v2\/pages"}],"about":[{"href":"https:\/\/riskcompass.info\/index.php?rest_route=\/wp\/v2\/types\/page"}],"author":[{"embeddable":true,"href":"https:\/\/riskcompass.info\/index.php?rest_route=\/wp\/v2\/users\/1"}],"replies":[{"embeddable":true,"href":"https:\/\/riskcompass.info\/index.php?rest_route=%2Fwp%2Fv2%2Fcomments&post=1437"}],"version-history":[{"count":5,"href":"https:\/\/riskcompass.info\/index.php?rest_route=\/wp\/v2\/pages\/1437\/revisions"}],"predecessor-version":[{"id":1473,"href":"https:\/\/riskcompass.info\/index.php?rest_route=\/wp\/v2\/pages\/1437\/revisions\/1473"}],"wp:attachment":[{"href":"https:\/\/riskcompass.info\/index.php?rest_route=%2Fwp%2Fv2%2Fmedia&parent=1437"}],"curies":[{"name":"wp","href":"https:\/\/api.w.org\/{rel}","templated":true}]}}